{"id":60,"date":"2018-10-03T14:02:51","date_gmt":"2018-10-03T12:02:51","guid":{"rendered":"http:\/\/www.inpfp.dz\/revue\/?page_id=60"},"modified":"2018-10-03T14:30:06","modified_gmt":"2018-10-03T12:30:06","slug":"editorial-2","status":"publish","type":"page","link":"https:\/\/www.inpfp.dz\/revue\/editorial-2\/","title":{"rendered":"Editorial"},"content":{"rendered":"<figure id=\"attachment_69\" aria-describedby=\"caption-attachment-69\" style=\"width: 189px\" class=\"wp-caption alignright\"><img decoding=\"async\" loading=\"lazy\" class=\"wp-image-69 size-full\" title=\"YAHIA CHERIF Mourad\" src=\"https:\/\/www.inpfp.dz\/revue\/wp-content\/uploads\/2018\/10\/yahia-cherif.jpg\" alt=\"yahia cherif mourad\" width=\"189\" height=\"200\" \/><figcaption id=\"caption-attachment-69\" class=\"wp-caption-text\">YAHIA CHERIF Mourad Directeur de l&rsquo;inpfp<\/figcaption><\/figure>\n<p><strong>En ces temps o\u00f9 la technologie, dans toutes ses formes, se meut pour la maitrise de l\u2019excellence en termes de recherche et d\u2019innovation scientifique, les sciences param\u00e9dicales ne peuvent se permettre de rester \u00e0 la traine ou \u00eatre ind\u00e9finiment assist\u00e9es ou constamment parrain\u00e9es par les autres sciences. <\/strong><\/p>\n<p><strong>A cet effet, dans le cadre de la compl\u00e9mentarit\u00e9 et du partenariat avec les divers horizons scientifiques, l\u2019Institut National P\u00e9dagogique de la Formation Param\u00e9dicale (INPFP) lance, sous l\u2019\u00e9gide du Minist\u00e8re de la Sant\u00e9, de la Population et de la R\u00e9forme Hospitali\u00e8re, \u00e0 travers les r\u00e9seaux sociaux et autres canaux de la promotion de la sant\u00e9 et des sciences param\u00e9dicales, une revue \u00e9lectronique accessible, con\u00e7ue et perfectible par et pour les praticiens param\u00e9dicaux hospitaliers et extra-hospitaliers ( exer\u00e7ant au niveau des polycliniques et des centres de sant\u00e9).<\/strong><\/p>\n<p><strong>Cette revue \u00e9lectronique, de par sa diffusion rapide et son accessibilit\u00e9 facile et gratuite, se veut \u00eatre un espace d\u2019\u00e9changes et de partages des exp\u00e9riences constructives, pratiques rev\u00eatant le sceau d\u2019un professionnalisme av\u00e9r\u00e9.<\/strong><\/p>\n<p><strong>Pour ce faire, l\u2019INPFP a mis en place tout un comit\u00e9 technique et scientifique compos\u00e9 d\u2019experts m\u00e9dico-sanitaires, de p\u00e9dagogues param\u00e9dicaux (PEPM) et de linguistes, ainsi qu\u2019une plateforme logistique de r\u00e9ception et d\u2019\u00e9mission des articles et travaux de recherche.<\/strong><\/p>\n<p><strong>Vos contributions \u00e9crites via les canaux \u00e9lectroniques seront, bien \u00e9videmment, lues, corrig\u00e9es et expertis\u00e9es par le comit\u00e9 selon une grille scientifique ; et diffus\u00e9es aussit\u00f4t au nom de l\u2019auteur qui d\u00e9tiendrait l\u2019exclusivit\u00e9 de son exp\u00e9rience en terme de r\u00e9f\u00e9rence et de droit d\u2019auteur.<\/strong><\/p>\n<p><strong>Le premier objectif de cette initiative, trac\u00e9e par l\u2019INPFP, est d\u2019encourager express\u00e9ment tous les param\u00e9dicaux toutes fili\u00e8res confondues \u00e0 ECRIRE et par la m\u00eame occasion \u00e0 LIRE et SE FAIRE LIRE.<\/strong><\/p>\n<p><strong>Donc, la sauvegarde et le maintien de votre niveau scientifique et pratique d\u00e9pendent ind\u00e9niablement de vos comp\u00e9tences et de vos contributions \u00e9crites r\u00e9guli\u00e8res.<\/strong><\/p>\n<p><strong>Chers(es) coll\u00e8gues, \u00e0 vos plumes et menons ensemble la promotion et le d\u00e9veloppement des sciences param\u00e9dicales en Alg\u00e9rie.<\/strong><\/p>\n<p><strong>Toutefois, l\u2019INPFP demeure attentif et \u00e0 l\u2019\u00e9coute de vos remarques et suggestions positives et constructives.<\/strong><\/p>\n<p>&nbsp;<\/p>\n","protected":false},"excerpt":{"rendered":"<p>En ces temps o\u00f9 la technologie, dans toutes ses formes, se meut pour la maitrise de l\u2019excellence en termes de recherche et d\u2019innovation scientifique, les sciences param\u00e9dicales ne peuvent se permettre de rester \u00e0 la traine ou \u00eatre ind\u00e9finiment assist\u00e9es ou constamment parrain\u00e9es par les autres sciences. A cet effet, dans le cadre de la &hellip; <\/p>\n<p class=\"link-more\"><a href=\"https:\/\/www.inpfp.dz\/revue\/editorial-2\/\" class=\"more-link\">Continuer la lecture<span class=\"screen-reader-text\"> de &laquo;&nbsp;Editorial&nbsp;&raquo;<\/span><\/a><\/p>\n","protected":false},"author":1,"featured_media":0,"parent":0,"menu_order":0,"comment_status":"closed","ping_status":"closed","template":"","meta":[],"_links":{"self":[{"href":"https:\/\/www.inpfp.dz\/revue\/wp-json\/wp\/v2\/pages\/60"}],"collection":[{"href":"https:\/\/www.inpfp.dz\/revue\/wp-json\/wp\/v2\/pages"}],"about":[{"href":"https:\/\/www.inpfp.dz\/revue\/wp-json\/wp\/v2\/types\/page"}],"author":[{"embeddable":true,"href":"https:\/\/www.inpfp.dz\/revue\/wp-json\/wp\/v2\/users\/1"}],"replies":[{"embeddable":true,"href":"https:\/\/www.inpfp.dz\/revue\/wp-json\/wp\/v2\/comments?post=60"}],"version-history":[{"count":3,"href":"https:\/\/www.inpfp.dz\/revue\/wp-json\/wp\/v2\/pages\/60\/revisions"}],"predecessor-version":[{"id":2318,"href":"https:\/\/www.inpfp.dz\/revue\/wp-json\/wp\/v2\/pages\/60\/revisions\/2318"}],"wp:attachment":[{"href":"https:\/\/www.inpfp.dz\/revue\/wp-json\/wp\/v2\/media?parent=60"}],"curies":[{"name":"wp","href":"https:\/\/api.w.org\/{rel}","templated":true}]}}