{"id":47,"date":"2018-10-03T13:57:28","date_gmt":"2018-10-03T11:57:28","guid":{"rendered":"http:\/\/www.inpfp.dz\/revue\/?page_id=47"},"modified":"2025-12-01T13:31:16","modified_gmt":"2025-12-01T12:31:16","slug":"numeros-de-la-revue","status":"publish","type":"page","link":"https:\/\/www.inpfp.dz\/revue\/numeros-de-la-revue\/","title":{"rendered":"Num\u00e9ros de la Revue"},"content":{"rendered":"<p><a href=\"https:\/\/www.inpfp.dz\/revue\/wp-content\/uploads\/2018\/10\/Newsleter.pdf\">Num\u00e9ro : 1 | 1er Semestre 2018<\/a><\/p>\n<p><img decoding=\"async\" loading=\"lazy\" class=\"alignnone size-medium wp-image-159\" src=\"https:\/\/www.inpfp.dz\/revue\/wp-content\/uploads\/2018\/10\/R1-204x300.jpg\" alt=\"\" width=\"204\" height=\"300\" srcset=\"https:\/\/www.inpfp.dz\/revue\/wp-content\/uploads\/2018\/10\/R1-204x300.jpg 204w, https:\/\/www.inpfp.dz\/revue\/wp-content\/uploads\/2018\/10\/R1.jpg 322w\" sizes=\"(max-width: 204px) 100vw, 204px\" \/><\/p>\n<p><a href=\"https:\/\/www.inpfp.dz\/revue\/wp-content\/uploads\/2018\/10\/Newsleter2-1.pdf\">Num\u00e9ro:2 |2eme Semestre 2018<\/a><\/p>\n<p><img decoding=\"async\" loading=\"lazy\" class=\"alignnone size-medium wp-image-197\" src=\"https:\/\/www.inpfp.dz\/revue\/wp-content\/uploads\/2018\/10\/covre2-212x300.jpg\" alt=\"\" width=\"212\" height=\"300\" srcset=\"https:\/\/www.inpfp.dz\/revue\/wp-content\/uploads\/2018\/10\/covre2-212x300.jpg 212w, https:\/\/www.inpfp.dz\/revue\/wp-content\/uploads\/2018\/10\/covre2.jpg 420w\" sizes=\"(max-width: 212px) 100vw, 212px\" \/><\/p>\n<p><a href=\"https:\/\/www.inpfp.dz\/revue\/wp-content\/uploads\/2019\/04\/revue3.pdf\">Num\u00e9ro:3 |1er Semestre 2019<\/a><\/p>\n<p><img decoding=\"async\" loading=\"lazy\" class=\"alignnone size-medium wp-image-279\" src=\"https:\/\/www.inpfp.dz\/revue\/wp-content\/uploads\/2019\/04\/45-212x300.jpg\" alt=\"\" width=\"212\" height=\"300\" srcset=\"https:\/\/www.inpfp.dz\/revue\/wp-content\/uploads\/2019\/04\/45-212x300.jpg 212w, https:\/\/www.inpfp.dz\/revue\/wp-content\/uploads\/2019\/04\/45.jpg 421w\" sizes=\"(max-width: 212px) 100vw, 212px\" \/><\/p>\n<p><a href=\"https:\/\/www.inpfp.dz\/revue\/wp-content\/uploads\/2019\/10\/revue4optim.pdf\">Num\u00e9ro:4 |2eme Semestre 2019<\/a><\/p>\n<p><img decoding=\"async\" loading=\"lazy\" class=\"alignnone size-medium wp-image-322\" src=\"https:\/\/www.inpfp.dz\/revue\/wp-content\/uploads\/2019\/10\/covre4-210x300.jpg\" alt=\"\" width=\"210\" height=\"300\" srcset=\"https:\/\/www.inpfp.dz\/revue\/wp-content\/uploads\/2019\/10\/covre4-210x300.jpg 210w, https:\/\/www.inpfp.dz\/revue\/wp-content\/uploads\/2019\/10\/covre4.jpg 381w\" sizes=\"(max-width: 210px) 100vw, 210px\" \/><\/p>\n<p><a href=\"https:\/\/www.inpfp.dz\/revue\/wp-content\/uploads\/2020\/10\/Newsletter-5.pdf\">Num\u00e9ro:5 |1er Semestre 2020<\/a><\/p>\n<p><img decoding=\"async\" loading=\"lazy\" class=\"alignnone size-medium wp-image-403\" src=\"https:\/\/www.inpfp.dz\/revue\/wp-content\/uploads\/2020\/10\/covre5-212x300.jpg\" alt=\"\" width=\"212\" height=\"300\" srcset=\"https:\/\/www.inpfp.dz\/revue\/wp-content\/uploads\/2020\/10\/covre5-212x300.jpg 212w, https:\/\/www.inpfp.dz\/revue\/wp-content\/uploads\/2020\/10\/covre5-768x1086.jpg 768w, https:\/\/www.inpfp.dz\/revue\/wp-content\/uploads\/2020\/10\/covre5-724x1024.jpg 724w, https:\/\/www.inpfp.dz\/revue\/wp-content\/uploads\/2020\/10\/covre5.jpg 1240w\" sizes=\"(max-width: 212px) 100vw, 212px\" \/><\/p>\n<p><a href=\"https:\/\/www.inpfp.dz\/revue\/wp-content\/uploads\/2021\/04\/NL6.pdf\">Num\u00e9ro:6 |2eme Semestre 2021<\/a><\/p>\n<p><img decoding=\"async\" loading=\"lazy\" class=\"alignnone wp-image-548 size-medium\" src=\"https:\/\/www.inpfp.dz\/revue\/wp-content\/uploads\/2021\/04\/covre6-212x300.jpg\" alt=\"\" width=\"212\" height=\"300\" \/><\/p>\n<p><a href=\"https:\/\/www.inpfp.dz\/revue\/wp-content\/uploads\/2022\/04\/Newsleter7-1.pdf\">Num\u00e9ro:7 |1er Semestre 2022<\/a><\/p>\n<p><img decoding=\"async\" loading=\"lazy\" class=\"alignnone wp-image-947 size-medium\" src=\"https:\/\/www.inpfp.dz\/revue\/wp-content\/uploads\/2022\/04\/covre7-216x300.jpg\" alt=\"\" width=\"216\" height=\"300\" srcset=\"https:\/\/www.inpfp.dz\/revue\/wp-content\/uploads\/2022\/04\/covre7-216x300.jpg 216w, https:\/\/www.inpfp.dz\/revue\/wp-content\/uploads\/2022\/04\/covre7.jpg 625w\" sizes=\"(max-width: 216px) 100vw, 216px\" \/><\/p>\n\n\n<p><\/p>\n\n\n<p><a href=\"https:\/\/www.inpfp.dz\/revue\/wp-content\/uploads\/2022\/10\/news8_7227c273bbb54993a75c55f77a843f4a_compressed.pdf\">&nbsp;Num\u00e9ro :8\/2\u00e9me Semestre 2022<\/a><\/p>\n\n\n<figure class=\"wp-block-image size-large is-resized\"><img decoding=\"async\" loading=\"lazy\" width=\"724\" height=\"1024\" src=\"https:\/\/www.inpfp.dz\/revue\/wp-content\/uploads\/2022\/10\/page-de-garde-724x1024.jpg\" alt=\"\" class=\"wp-image-1768\" style=\"width:205px;height:290px\" srcset=\"https:\/\/www.inpfp.dz\/revue\/wp-content\/uploads\/2022\/10\/page-de-garde-724x1024.jpg 724w, https:\/\/www.inpfp.dz\/revue\/wp-content\/uploads\/2022\/10\/page-de-garde-212x300.jpg 212w, https:\/\/www.inpfp.dz\/revue\/wp-content\/uploads\/2022\/10\/page-de-garde-768x1086.jpg 768w, https:\/\/www.inpfp.dz\/revue\/wp-content\/uploads\/2022\/10\/page-de-garde-1086x1536.jpg 1086w, https:\/\/www.inpfp.dz\/revue\/wp-content\/uploads\/2022\/10\/page-de-garde-1448x2048.jpg 1448w, https:\/\/www.inpfp.dz\/revue\/wp-content\/uploads\/2022\/10\/page-de-garde.jpg 1654w\" sizes=\"(max-width: 724px) 100vw, 724px\" \/><\/figure>\n\n\n\n<div class=\"is-layout-flex wp-container-2 wp-block-columns\">\n<div class=\"is-layout-flow wp-block-column is-vertically-aligned-center\" style=\"flex-basis:100%\">\n<p><a href=\"https:\/\/www.inpfp.dz\/revue\/wp-content\/uploads\/2023\/04\/revue09.pdf\" data-type=\"URL\" data-id=\"https:\/\/www.inpfp.dz\/revue\/wp-content\/uploads\/2023\/04\/revue09.pdf\">Num\u00e9ro :9\/1er Semestre 2023<\/a><\/p>\n\n\n\n<figure class=\"wp-block-image size-large is-resized\"><img decoding=\"async\" loading=\"lazy\" width=\"725\" height=\"1024\" src=\"https:\/\/www.inpfp.dz\/revue\/wp-content\/uploads\/2023\/04\/page-de-garde-2_page-0001-725x1024.jpg\" alt=\"\" class=\"wp-image-2056\" style=\"width:205px;height:289px\" srcset=\"https:\/\/www.inpfp.dz\/revue\/wp-content\/uploads\/2023\/04\/page-de-garde-2_page-0001-725x1024.jpg 725w, https:\/\/www.inpfp.dz\/revue\/wp-content\/uploads\/2023\/04\/page-de-garde-2_page-0001-212x300.jpg 212w, https:\/\/www.inpfp.dz\/revue\/wp-content\/uploads\/2023\/04\/page-de-garde-2_page-0001-768x1085.jpg 768w, https:\/\/www.inpfp.dz\/revue\/wp-content\/uploads\/2023\/04\/page-de-garde-2_page-0001-1087x1536.jpg 1087w, https:\/\/www.inpfp.dz\/revue\/wp-content\/uploads\/2023\/04\/page-de-garde-2_page-0001.jpg 1241w\" sizes=\"(max-width: 725px) 100vw, 725px\" \/><\/figure>\n\n\n\n<p><a href=\"https:\/\/www.inpfp.dz\/revue\/wp-content\/uploads\/2023\/10\/revue10-2.pdf\" data-type=\"URL\" data-id=\"https:\/\/www.inpfp.dz\/revue\/wp-content\/uploads\/2023\/04\/revue09.pdf\">Num\u00e9ro :10\/2eme Semestre 2023<\/a><\/p>\n<\/div>\n<\/div>\n\n\n\n<figure class=\"wp-block-image size-full is-resized\"><img decoding=\"async\" loading=\"lazy\" width=\"443\" height=\"627\" src=\"https:\/\/www.inpfp.dz\/revue\/wp-content\/uploads\/2024\/09\/Capture-decran-2023-10-17-094259.png\" alt=\"\" class=\"wp-image-2444\" style=\"aspect-ratio:0.7027027027027027;width:210px;height:auto\" srcset=\"https:\/\/www.inpfp.dz\/revue\/wp-content\/uploads\/2024\/09\/Capture-decran-2023-10-17-094259.png 443w, https:\/\/www.inpfp.dz\/revue\/wp-content\/uploads\/2024\/09\/Capture-decran-2023-10-17-094259-212x300.png 212w\" sizes=\"(max-width: 443px) 100vw, 443px\" \/><\/figure>\n\n\n\n<p><a href=\"https:\/\/www.inpfp.dz\/revue\/wp-content\/uploads\/2024\/04\/revue11-1.pdf\" target=\"_blank\" rel=\"noopener\" title=\" Num\u00e9ro :11\/1er Semestre2024\"> <strong>Num\u00e9ro :11\/1er Semestre2024<\/strong><\/a><\/p>\n\n\n\n<figure class=\"wp-block-image size-full is-resized\"><img decoding=\"async\" loading=\"lazy\" width=\"1414\" height=\"2000\" src=\"https:\/\/www.inpfp.dz\/revue\/wp-content\/uploads\/2024\/09\/Blue-Modern-Business-Proposal-Cover-A4-Document.png\" alt=\"\" class=\"wp-image-2445\" style=\"aspect-ratio:0.7027027027027027;width:210px;height:auto\" srcset=\"https:\/\/www.inpfp.dz\/revue\/wp-content\/uploads\/2024\/09\/Blue-Modern-Business-Proposal-Cover-A4-Document.png 1414w, https:\/\/www.inpfp.dz\/revue\/wp-content\/uploads\/2024\/09\/Blue-Modern-Business-Proposal-Cover-A4-Document-212x300.png 212w, https:\/\/www.inpfp.dz\/revue\/wp-content\/uploads\/2024\/09\/Blue-Modern-Business-Proposal-Cover-A4-Document-724x1024.png 724w, https:\/\/www.inpfp.dz\/revue\/wp-content\/uploads\/2024\/09\/Blue-Modern-Business-Proposal-Cover-A4-Document-768x1086.png 768w, https:\/\/www.inpfp.dz\/revue\/wp-content\/uploads\/2024\/09\/Blue-Modern-Business-Proposal-Cover-A4-Document-1086x1536.png 1086w\" sizes=\"(max-width: 767px) 89vw, (max-width: 1000px) 54vw, (max-width: 1071px) 543px, 580px\" \/><\/figure>\n\n\n\n<p class=\"has-medium-font-size\"><strong><a href=\"https:\/\/www.inpfp.dz\/revue\/wp-content\/uploads\/2025\/12\/revue2025.pdf\" data-type=\"link\" data-id=\"https:\/\/www.inpfp.dz\/revue\/wp-content\/uploads\/2025\/12\/revue2025.pdf\">Num\u00e9ro: 12\/2eme Semestre2025<\/a><\/strong><\/p>\n\n\n\n<figure class=\"wp-block-image size-large is-resized\"><img decoding=\"async\" loading=\"lazy\" width=\"724\" height=\"1024\" src=\"https:\/\/www.inpfp.dz\/revue\/wp-content\/uploads\/2025\/12\/White-and-Green-Professional-Cover-Business-Proposal-Document-A4-2-724x1024.png\" alt=\"\" class=\"wp-image-2453\" style=\"width:207px;height:auto\" srcset=\"https:\/\/www.inpfp.dz\/revue\/wp-content\/uploads\/2025\/12\/White-and-Green-Professional-Cover-Business-Proposal-Document-A4-2-724x1024.png 724w, https:\/\/www.inpfp.dz\/revue\/wp-content\/uploads\/2025\/12\/White-and-Green-Professional-Cover-Business-Proposal-Document-A4-2-212x300.png 212w, https:\/\/www.inpfp.dz\/revue\/wp-content\/uploads\/2025\/12\/White-and-Green-Professional-Cover-Business-Proposal-Document-A4-2-768x1086.png 768w, https:\/\/www.inpfp.dz\/revue\/wp-content\/uploads\/2025\/12\/White-and-Green-Professional-Cover-Business-Proposal-Document-A4-2-1086x1536.png 1086w, https:\/\/www.inpfp.dz\/revue\/wp-content\/uploads\/2025\/12\/White-and-Green-Professional-Cover-Business-Proposal-Document-A4-2.png 1414w\" sizes=\"(max-width: 724px) 100vw, 724px\" \/><\/figure>\n\n\n\n<p><\/p>\n","protected":false},"excerpt":{"rendered":"<p>Num\u00e9ro : 1 | 1er Semestre 2018 Num\u00e9ro:2 |2eme Semestre 2018 Num\u00e9ro:3 |1er Semestre 2019 Num\u00e9ro:4 |2eme Semestre 2019 Num\u00e9ro:5 |1er Semestre 2020 Num\u00e9ro:6 |2eme Semestre 2021 Num\u00e9ro:7 |1er Semestre 2022 &nbsp;Num\u00e9ro :8\/2\u00e9me Semestre 2022 Num\u00e9ro :9\/1er Semestre 2023 Num\u00e9ro :10\/2eme Semestre 2023 Num\u00e9ro :11\/1er Semestre2024 Num\u00e9ro: 12\/2eme Semestre2025<\/p>\n","protected":false},"author":1,"featured_media":0,"parent":0,"menu_order":0,"comment_status":"closed","ping_status":"closed","template":"","meta":[],"_links":{"self":[{"href":"https:\/\/www.inpfp.dz\/revue\/wp-json\/wp\/v2\/pages\/47"}],"collection":[{"href":"https:\/\/www.inpfp.dz\/revue\/wp-json\/wp\/v2\/pages"}],"about":[{"href":"https:\/\/www.inpfp.dz\/revue\/wp-json\/wp\/v2\/types\/page"}],"author":[{"embeddable":true,"href":"https:\/\/www.inpfp.dz\/revue\/wp-json\/wp\/v2\/users\/1"}],"replies":[{"embeddable":true,"href":"https:\/\/www.inpfp.dz\/revue\/wp-json\/wp\/v2\/comments?post=47"}],"version-history":[{"count":71,"href":"https:\/\/www.inpfp.dz\/revue\/wp-json\/wp\/v2\/pages\/47\/revisions"}],"predecessor-version":[{"id":2456,"href":"https:\/\/www.inpfp.dz\/revue\/wp-json\/wp\/v2\/pages\/47\/revisions\/2456"}],"wp:attachment":[{"href":"https:\/\/www.inpfp.dz\/revue\/wp-json\/wp\/v2\/media?parent=47"}],"curies":[{"name":"wp","href":"https:\/\/api.w.org\/{rel}","templated":true}]}}