{"id":44,"date":"2018-10-03T13:57:28","date_gmt":"2018-10-03T11:57:28","guid":{"rendered":"http:\/\/www.inpfp.dz\/revue\/?page_id=44"},"modified":"2024-04-16T00:30:21","modified_gmt":"2024-04-15T23:30:21","slug":"membres-de-comite-de-lecture","status":"publish","type":"page","link":"https:\/\/www.inpfp.dz\/revue\/membres-de-comite-de-lecture\/","title":{"rendered":"Membres du Comit\u00e9 de lecture"},"content":{"rendered":"<ul>\n<li>Madame MOUMENE Mounira Directrice de l&rsquo;INPFP(Pr\u00e9sidente).<\/li>\n<li>Professeur AHNIA Salim CHU Mustapha ;<\/li>\n<li>Professeur MERROUCHE Brahim EHS Zemirli ;<\/li>\n<li>M.LARROUM Farid PEPM INFSPM d\u2019Alger\u00a0;<\/li>\n<li>Mme MAMERI Sabrina cheffe de d\u00e9partement\u00a0;<\/li>\n<li>M.BENELMIR Mohamed Salah chef de d\u00e9partement ;<\/li>\n<li>M.SALHI Hakim chef de d\u00e9partement ;<\/li>\n<li>M.ELBIR Boussad chef de d\u00e9partement\u00a0;<\/li>\n<li>Mme MERIDJI Ibtihel ing\u00e9nieure d\u2019Etat en informatique INPFP.<\/li>\n<\/ul>\n","protected":false},"excerpt":{"rendered":"<p>Madame MOUMENE Mounira Directrice de l&rsquo;INPFP(Pr\u00e9sidente). Professeur AHNIA Salim CHU Mustapha ; Professeur MERROUCHE Brahim EHS Zemirli ; M.LARROUM Farid PEPM INFSPM d\u2019Alger\u00a0; Mme MAMERI Sabrina cheffe de d\u00e9partement\u00a0; M.BENELMIR Mohamed Salah chef de d\u00e9partement ; M.SALHI Hakim chef de d\u00e9partement ; M.ELBIR Boussad chef de d\u00e9partement\u00a0; Mme MERIDJI Ibtihel ing\u00e9nieure d\u2019Etat en informatique INPFP.<\/p>\n","protected":false},"author":1,"featured_media":130,"parent":0,"menu_order":0,"comment_status":"closed","ping_status":"closed","template":"","meta":[],"_links":{"self":[{"href":"https:\/\/www.inpfp.dz\/revue\/wp-json\/wp\/v2\/pages\/44"}],"collection":[{"href":"https:\/\/www.inpfp.dz\/revue\/wp-json\/wp\/v2\/pages"}],"about":[{"href":"https:\/\/www.inpfp.dz\/revue\/wp-json\/wp\/v2\/types\/page"}],"author":[{"embeddable":true,"href":"https:\/\/www.inpfp.dz\/revue\/wp-json\/wp\/v2\/users\/1"}],"replies":[{"embeddable":true,"href":"https:\/\/www.inpfp.dz\/revue\/wp-json\/wp\/v2\/comments?post=44"}],"version-history":[{"count":17,"href":"https:\/\/www.inpfp.dz\/revue\/wp-json\/wp\/v2\/pages\/44\/revisions"}],"predecessor-version":[{"id":2293,"href":"https:\/\/www.inpfp.dz\/revue\/wp-json\/wp\/v2\/pages\/44\/revisions\/2293"}],"wp:featuredmedia":[{"embeddable":true,"href":"https:\/\/www.inpfp.dz\/revue\/wp-json\/wp\/v2\/media\/130"}],"wp:attachment":[{"href":"https:\/\/www.inpfp.dz\/revue\/wp-json\/wp\/v2\/media?parent=44"}],"curies":[{"name":"wp","href":"https:\/\/api.w.org\/{rel}","templated":true}]}}